{"id":2530,"date":"2024-03-04T14:30:44","date_gmt":"2024-03-04T12:30:44","guid":{"rendered":"https:\/\/www.nexaslim.eu\/datenschutzerklaerung\/"},"modified":"2024-03-28T16:42:37","modified_gmt":"2024-03-28T14:42:37","slug":"integritetspolicy-disclaimer","status":"publish","type":"page","link":"https:\/\/www.nexaslim.eu\/sv\/integritetspolicy-disclaimer\/","title":{"rendered":"Integritetspolicy \/ Disclaimer"},"content":{"rendered":"\n<p>Allm\u00e4nna anvisningar<\/p>\n\n\n\n<p>F\u00f6ljande anvisningar ger en enkel \u00f6versikt \u00f6ver vad som h\u00e4nder med dina personuppgifter n\u00e4r du bes\u00f6ker v\u00e5r webbplats. Personuppgifter \u00e4r alla data med vilka du personligen kan identifieras. Detaljerad information om dataskydd finns i v\u00e5r dataskyddspolicy som listas under denna text.<\/p>\n\n\n\n<p>Datainsamling p\u00e5 v\u00e5r webbplats<\/p>\n\n\n\n<p>Vem \u00e4r ansvarig f\u00f6r datainsamlingen p\u00e5 denna webbplats?<\/p>\n\n\n\n<p>Databehandlingen p\u00e5 denna webbplats utf\u00f6rs av webbplatsoperat\u00f6ren. Deras kontaktuppgifter finns i webbplatsens avtryck.<\/p>\n\n\n\n<p>Hur samlar vi in dina data?<\/p>\n\n\n\n<p>Dina data samlas in dels genom att du tillhandah\u00e5ller dem till oss. Detta kan till exempel vara data som du matar in i ett kontaktformul\u00e4r.<\/p>\n\n\n\n<p>Andra data samlas in automatiskt av v\u00e5ra IT-system n\u00e4r du bes\u00f6ker webbplatsen. Detta \u00e4r fr\u00e4mst tekniska data (t.ex. webbl\u00e4sare, operativsystem eller tid f\u00f6r sidan kallades upp). Insamlingen av dessa data sker automatiskt s\u00e5 snart du kommer in p\u00e5 v\u00e5r webbplats.<\/p>\n\n\n\n<p>Vad anv\u00e4nder vi dina data till?<\/p>\n\n\n\n<p>En del av datan samlas in f\u00f6r att s\u00e4kerst\u00e4lla att webbplatsen fungerar felfritt. Andra data kan anv\u00e4ndas f\u00f6r att analysera ditt anv\u00e4ndarbeteende.<\/p>\n\n\n\n<p>Vilka r\u00e4ttigheter har du ang\u00e5ende dina data?<\/p>\n\n\n\n<p>Du har alltid r\u00e4tten att kostnadsfritt f\u00e5 information om ursprunget, mottagaren och syftet med dina lagrade personuppgifter. Du har ocks\u00e5 r\u00e4tt att beg\u00e4ra att dina data r\u00e4ttas, blockeras eller raderas. Du kan kontakta oss n\u00e4r som helst p\u00e5 adressen som anges i avtrycket f\u00f6r ytterligare fr\u00e5gor om personuppgifter. Dessutom har du r\u00e4tt att l\u00e4mna in ett klagom\u00e5l till den ansvariga tillsynsmyndigheten.<\/p>\n\n\n\n<p>Analysverktyg och verktyg fr\u00e5n tredje part<\/p>\n\n\n\n<p>N\u00e4r du bes\u00f6ker v\u00e5r webbplats kan ditt surfande beteende statistiskt utv\u00e4rderas. Detta g\u00f6rs huvudsakligen med cookies och s\u00e5 kallade analysprogram. Analysen av ditt surfande beteende sker vanligtvis anonymt; surfande beteendet kan inte sp\u00e5ras tillbaka till dig. Du kan mots\u00e4tta dig denna analys eller f\u00f6rhindra den genom att inte anv\u00e4nda vissa verktyg. Detaljerad information finns i f\u00f6ljande dataskyddsf\u00f6rklaring.<\/p>\n\n\n\n<p>Du kan mots\u00e4tta dig denna analys. Vi kommer att informera dig om m\u00f6jligheterna att inv\u00e4nda i denna dataskyddsf\u00f6rklaring.<\/p>\n\n\n\n<ol class=\"wp-block-list\" start=\"2\">\n<li>Allm\u00e4nna anvisningar och obligatorisk information<\/li>\n<\/ol>\n\n\n\n<p>Dataskydd<\/p>\n\n\n\n<p>Operat\u00f6rerna av dessa sidor tar skyddet av dina personliga data p\u00e5 stort allvar. Vi behandlar dina personuppgifter konfidentiellt och i enlighet med lagstadgade dataskyddsf\u00f6reskrifter och denna dataskyddspolicy.<\/p>\n\n\n\n<p>N\u00e4r du anv\u00e4nder denna webbplats samlas olika personuppgifter in. Personuppgifter \u00e4r data med vilka du personligen kan identifieras. Denna dataskyddspolicy f\u00f6rklarar vilka data vi samlar in och vad vi anv\u00e4nder dem till. Den f\u00f6rklarar ocks\u00e5 hur och i vilket syfte detta sker.<\/p>\n\n\n\n<p>Vi p\u00e5pekar att data\u00f6verf\u00f6ring via internet (t.ex. vid kommunikation via e-post) kan ha s\u00e4kerhetsluckor. Ett fullst\u00e4ndigt skydd av data fr\u00e5n tredje parts \u00e5tkomst \u00e4r inte m\u00f6jligt.<\/p>\n\n\n\n<p>Notis om den ansvariga enheten<\/p>\n\n\n\n<p>Den ansvariga enheten f\u00f6r databehandlingen p\u00e5 denna webbplats \u00e4r:<\/p>\n\n\n\n<p>UAB Kavaliauskas Online, mail@ nexaslim .eu<\/p>\n\n\n\n<p>Ansvarig enhet \u00e4r den fysiska eller juridiska person som ensam eller tillsammans med andra best\u00e4mmer syftena med och medlen f\u00f6r behandling av personuppgifter (t.ex. namn, e-postadresser etc.).<\/p>\n\n\n\n<p>\u00c5terkallelse av ditt samtycke till databehandling<\/p>\n\n\n\n<p>M\u00e5nga datab<\/p>\n\n\n\n<p>ehandlingsprocesser \u00e4r endast m\u00f6jliga med ditt uttryckliga samtycke. Du kan \u00e5terkalla ett redan givet samtycke n\u00e4r som helst. Det r\u00e4cker med ett informellt meddelande via e-post till oss. Lagligheten av den databehandling som skett fram till \u00e5terkallelsen p\u00e5verkas inte av \u00e5terkallelsen.<\/p>\n\n\n\n<p>R\u00e4tt till dataportabilitet<\/p>\n\n\n\n<p>Du har r\u00e4tt att f\u00e5 data som vi behandlar automatiskt p\u00e5 grundval av ditt samtycke eller i uppfyllandet av ett avtal \u00f6verf\u00f6rda till dig eller till en tredje part i ett vanligt, maskinl\u00e4sbart format. Om du beg\u00e4r den direkta \u00f6verf\u00f6ringen av datan till en annan ansvarig, kommer detta endast att g\u00f6ras i den m\u00e5n det \u00e4r tekniskt m\u00f6jligt.<\/p>\n\n\n\n<p>SSL- eller TLS-kryptering<\/p>\n\n\n\n<p>Denna sida anv\u00e4nder SSL- eller TLS-kryptering av s\u00e4kerhetssk\u00e4l och f\u00f6r att skydda \u00f6verf\u00f6ringen av konfidentiellt inneh\u00e5ll, s\u00e5som best\u00e4llningar eller f\u00f6rfr\u00e5gningar som du skickar till oss som sidoperat\u00f6r. Du kan k\u00e4nna igen en krypterad anslutning genom att adressf\u00e4ltet i webbl\u00e4saren \u00e4ndras fr\u00e5n \u201dhttp:\/\/\u201d till \u201dhttps:\/\/\u201d och genom l\u00e5ssymbolen i din webbl\u00e4sares adressf\u00e4lt.<\/p>\n\n\n\n<p>Om SSL- eller TLS-kryptering \u00e4r aktiverad, kan de data du \u00f6verf\u00f6r till oss inte l\u00e4sas av tredje part.<\/p>\n\n\n\n<p>Upplysning, sp\u00e4rrning, radering<\/p>\n\n\n\n<p>Inom ramen f\u00f6r de g\u00e4llande lagstadgade best\u00e4mmelserna har du r\u00e4tt att n\u00e4r som helst f\u00e5 kostnadsfri information om dina lagrade personuppgifter, deras ursprung och mottagare och syftet med databehandlingen och, om n\u00f6dv\u00e4ndigt, r\u00e4tt till r\u00e4ttelse, sp\u00e4rrning eller radering av dessa data. F\u00f6r detta \u00e4ndam\u00e5l, liksom f\u00f6r ytterligare fr\u00e5gor om personuppgifter, kan du n\u00e4r som helst kontakta oss p\u00e5 adressen som anges i avtrycket.<\/p>\n\n\n\n<ol class=\"wp-block-list\" start=\"3\">\n<li>Datainsamling p\u00e5 v\u00e5r webbplats<\/li>\n<\/ol>\n\n\n\n<p>Cookies<\/p>\n\n\n\n<p>Webbplatsen anv\u00e4nder delvis s\u00e5 kallade cookies. Cookies skadar inte din dator och inneh\u00e5ller inga virus. Cookies tj\u00e4nar till att g\u00f6ra v\u00e5rt erbjudande mer anv\u00e4ndarv\u00e4nligt, effektivt och s\u00e4kert. Cookies \u00e4r sm\u00e5 textfiler som lagras p\u00e5 din dator och som din webbl\u00e4sare lagrar.<\/p>\n\n\n\n<p>De flesta av de cookies vi anv\u00e4nder \u00e4r s\u00e5 kallade \u201dsession-cookies\u201d. De raderas automatiskt efter ditt bes\u00f6k. Andra cookies lagras p\u00e5 din enhet tills du raderar dem. Dessa cookies g\u00f6r det m\u00f6jligt f\u00f6r oss att k\u00e4nna igen din webbl\u00e4sare n\u00e4sta g\u00e5ng du bes\u00f6ker oss.<\/p>\n\n\n\n<p>Du kan st\u00e4lla in din webbl\u00e4sare s\u00e5 att du informeras om anv\u00e4ndningen av cookies och endast till\u00e5ter cookies i enskilda fall, utesluter acceptansen av cookies f\u00f6r vissa fall eller generellt och aktiverar automatisk radering av cookies n\u00e4r webbl\u00e4saren st\u00e4ngs. Om cookies \u00e4r inaktiverade kan funktionaliteten p\u00e5 denna webbplats vara begr\u00e4nsad.<\/p>\n\n\n\n<p>Cookies som kr\u00e4vs f\u00f6r att genomf\u00f6ra den elektroniska kommunikationsprocessen eller f\u00f6r att tillhandah\u00e5lla vissa funktioner som du \u00f6nskar (t.ex. kundvagnsfunktion) lagras p\u00e5 grundval av Art. 6 punkt 1 lit. f GDPR. Webbplatsoperat\u00f6ren har ett ber\u00e4ttigat intresse av att lagra cookies f\u00f6r tekniskt felfri och optimerad tillhandah\u00e5llande av sina tj\u00e4nster. I den m\u00e5n andra cookies (t.ex. cookies f\u00f6r att analysera ditt surfande beteende) lagras, behandlas dessa separat i denna dataskyddspolicy.<\/p>\n\n\n\n<ol class=\"wp-block-list\" start=\"4\">\n<li>Analysverktyg och reklam<\/li>\n<\/ol>\n\n\n\n<p>Google AdWords och Google Conversion-Tracking<\/p>\n\n\n\n<p>Denna webbplats anv\u00e4nder Google AdWords. AdWords \u00e4r ett onlineannonseringsprogram fr\u00e5n Google Inc., 1600 Amphitheatre Parkway, Mountain View, CA 94043, United States (\u201dGoogle\u201d).<\/p>\n\n\n\n<p>Som en del av Google AdWords anv\u00e4nder vi s\u00e5 kallad konverteringssp\u00e5rning. N\u00e4r du klickar p\u00e5 en annons som public<\/p>\n\n\n\n<p>erats av Google, s\u00e4tts en konverteringssp\u00e5rningscookie. Cookies \u00e4r sm\u00e5 textfiler som internetwebbl\u00e4saren placerar p\u00e5 anv\u00e4ndarens dator. Dessa cookies f\u00f6rlorar sin giltighet efter 30 dagar och anv\u00e4nds inte f\u00f6r personlig identifiering av anv\u00e4ndaren. Om anv\u00e4ndaren bes\u00f6ker vissa sidor p\u00e5 denna webbplats och cookien inte har l\u00f6pt ut, kan Google och vi se att anv\u00e4ndaren klickade p\u00e5 annonsen och omdirigerades till denna sida.<\/p>\n\n\n\n<p>Varje Google AdWords-kund f\u00e5r en annan cookie. Cookies kan inte sp\u00e5ras via AdWords-kunders webbplatser. Informationen som samlats in med hj\u00e4lp av konverteringscookien anv\u00e4nds f\u00f6r att skapa konverteringsstatistik f\u00f6r AdWords-kunder som har valt konverteringssp\u00e5rning. Kunderna f\u00e5r veta det totala antalet anv\u00e4ndare som klickade p\u00e5 deras annons och omdirigerades till en sida med en konverteringssp\u00e5rningstag. De f\u00e5r dock inte n\u00e5gon information som kan anv\u00e4ndas f\u00f6r att personligen identifiera anv\u00e4ndare. Om du inte vill delta i sp\u00e5rningen kan du inv\u00e4nda mot detta genom att enkelt inaktivera Google Conversion Tracking-cookie via din internetwebbl\u00e4sares anv\u00e4ndarinst\u00e4llningar. Du kommer d\u00e5 inte att inkluderas i konverteringssp\u00e5rningsstatistiken.<\/p>\n\n\n\n<p>Lagringen av \u201dkonverteringscookies\u201d sker p\u00e5 grundval av Art. 6 punkt 1 lit. f GDPR. Webbplatsoperat\u00f6ren har ett ber\u00e4ttigat intresse av att analysera anv\u00e4ndarbeteendet f\u00f6r att optimera b\u00e5de sitt webberbjudande och sin reklam.<\/p>\n\n\n\n<p>Mer information om Google AdWords och Google Conversion Tracking finns i Googles dataskyddspolicy: https:\/\/www.google.de\/policies\/privacy\/.<\/p>\n\n\n\n<p>Du kan konfigurera din webbl\u00e4sare s\u00e5 att du informeras om inst\u00e4llningen av cookies och endast till\u00e5ter cookies i enskilda fall, utesluter acceptansen av cookies f\u00f6r vissa fall eller generellt och aktiverar automatisk radering av cookies n\u00e4r webbl\u00e4saren st\u00e4ngs. Om cookies inaktiveras kan funktionaliteten p\u00e5 denna webbplats vara begr\u00e4nsad.<\/p>\n\n\n\n<ol class=\"wp-block-list\" start=\"5\">\n<li>Vad ska man t\u00e4nka p\u00e5 n\u00e4r man l\u00e4nkar till andra webbplatser?<br>V\u00e5r webbplats inneh\u00e5ller l\u00e4nkar till tredje parts webbplatser. N\u00e4r du f\u00f6ljer en l\u00e4nk till en av dessa webbplatser utanf\u00f6r v\u00e5rt ansvarsomr\u00e5de, observera att dessa webbplatser har sina egna dataskyddspolicyer och att vi inte tar ansvar eller ansvar f\u00f6r dessa policyer. V\u00e4nligen granska dessa dataskyddspolicyer innan du frivilligt tillhandah\u00e5ller personuppgifter till dessa webbplatser.<\/li>\n<\/ol>\n\n\n\n<p>Externa l\u00e4nkar \u00e4r markerade med denna symbol: *<\/p>\n\n\n\n<p>Endast n\u00e4r du klickar p\u00e5 en extern l\u00e4nk \u00f6verf\u00f6rs data till l\u00e4nkm\u00e5let. Detta \u00e4r n\u00f6dv\u00e4ndigt p\u00e5 grund av det protokoll som ligger till grund f\u00f6r internet (TCP\/IP = TCP \u2013 Transfer Control Protocol + IP \u2013 Internet Protocol). De \u00f6verf\u00f6rda datan inkluderar bland annat din IP-adress, tidpunkten d\u00e5 du klickade p\u00e5 l\u00e4nken, sidan d\u00e4r du klickade p\u00e5 l\u00e4nken.<\/p>\n\n\n\n<p>Enstaka l\u00e4nkar kan inneb\u00e4ra en datatransfer till l\u00e4nder utanf\u00f6r den europeiska unionen. Detta kan inneb\u00e4ra att utl\u00e4ndska tredje parter, myndigheter eller underr\u00e4ttelsetj\u00e4nster kan f\u00e5 tillg\u00e5ng till anslutningsdata. Om Donald Trump blir president i USA igen, kan han m\u00f6jligen f\u00e5 tillg\u00e5ng till eller till och med initiera tillg\u00e5ng till dessa data. Om du inte vill att de n\u00e4mnda datan \u00f6verf\u00f6rs till l\u00e4nkm\u00e5let eller till de n\u00e4mnda tredje parterna, eller om du inte vill att andra ska kunna f\u00e5nga upp dessa data, klicka inte p\u00e5 l\u00e4nken.<\/p>\n\n\n\n<ul class=\"wp-block-list\" id=\"menu-footer\">\n<li><\/li>\n<\/ul>\n","protected":false},"excerpt":{"rendered":"<p>Allm\u00e4nna anvisningar F\u00f6ljande anvisningar ger en enkel \u00f6versikt \u00f6ver vad som h\u00e4nder med dina personuppgifter n\u00e4r du bes\u00f6ker v\u00e5r webbplats. Personuppgifter \u00e4r alla data med vilka du personligen kan identifieras. Detaljerad information om dataskydd finns i v\u00e5r dataskyddspolicy som listas under denna text. Datainsamling p\u00e5 v\u00e5r webbplats Vem \u00e4r ansvarig f\u00f6r datainsamlingen p\u00e5 denna webbplats? [&hellip;]<\/p>\n","protected":false},"author":3,"featured_media":0,"parent":0,"menu_order":0,"comment_status":"closed","ping_status":"closed","template":"","meta":{"footnotes":""},"class_list":["post-2530","page","type-page","status-publish","hentry"],"yoast_head":"<!-- This site is optimized with the Yoast SEO plugin v22.3 - https:\/\/yoast.com\/wordpress\/plugins\/seo\/ -->\n<title>Integritetspolicy \/ Disclaimer - NexaSlim \u2734\ufe0f<\/title>\n<meta name=\"robots\" content=\"noindex, follow\" \/>\n<script type=\"application\/ld+json\" class=\"yoast-schema-graph\">{\"@context\":\"https:\/\/schema.org\",\"@graph\":[{\"@type\":\"WebPage\",\"@id\":\"https:\/\/www.nexaslim.eu\/sv\/integritetspolicy-disclaimer\/\",\"url\":\"https:\/\/www.nexaslim.eu\/sv\/integritetspolicy-disclaimer\/\",\"name\":\"Integritetspolicy \/ Disclaimer - NexaSlim \u2734\ufe0f\",\"isPartOf\":{\"@id\":\"https:\/\/www.nexaslim.eu\/#website\"},\"datePublished\":\"2024-03-04T12:30:44+00:00\",\"dateModified\":\"2024-03-28T14:42:37+00:00\",\"inLanguage\":\"sv-SE\",\"potentialAction\":[{\"@type\":\"ReadAction\",\"target\":[\"https:\/\/www.nexaslim.eu\/sv\/integritetspolicy-disclaimer\/\"]}]},{\"@type\":\"WebSite\",\"@id\":\"https:\/\/www.nexaslim.eu\/#website\",\"url\":\"https:\/\/www.nexaslim.eu\/\",\"name\":\"NexaSlim \u2734\ufe0f\",\"description\":\"\",\"publisher\":{\"@id\":\"https:\/\/www.nexaslim.eu\/#organization\"},\"alternateName\":\"NexaSlim\",\"potentialAction\":[{\"@type\":\"SearchAction\",\"target\":{\"@type\":\"EntryPoint\",\"urlTemplate\":\"https:\/\/www.nexaslim.eu\/?s={search_term_string}\"},\"query-input\":\"required name=search_term_string\"}],\"inLanguage\":\"sv-SE\"},{\"@type\":\"Organization\",\"@id\":\"https:\/\/www.nexaslim.eu\/#organization\",\"name\":\"NexaSlim \u2734\ufe0f\",\"alternateName\":\"NexaSlim\",\"url\":\"https:\/\/www.nexaslim.eu\/\",\"logo\":{\"@type\":\"ImageObject\",\"inLanguage\":\"sv-SE\",\"@id\":\"https:\/\/www.nexaslim.eu\/#\/schema\/logo\/image\/\",\"url\":\"https:\/\/www.nexaslim.eu\/wp-content\/uploads\/2024\/03\/nexaslim-logo.png\",\"contentUrl\":\"https:\/\/www.nexaslim.eu\/wp-content\/uploads\/2024\/03\/nexaslim-logo.png\",\"width\":2560,\"height\":1354,\"caption\":\"NexaSlim \u2734\ufe0f\"},\"image\":{\"@id\":\"https:\/\/www.nexaslim.eu\/#\/schema\/logo\/image\/\"}}]}<\/script>\n<!-- \/ Yoast SEO plugin. -->","yoast_head_json":{"title":"Integritetspolicy \/ Disclaimer - NexaSlim \u2734\ufe0f","robots":{"index":"noindex","follow":"follow"},"schema":{"@context":"https:\/\/schema.org","@graph":[{"@type":"WebPage","@id":"https:\/\/www.nexaslim.eu\/sv\/integritetspolicy-disclaimer\/","url":"https:\/\/www.nexaslim.eu\/sv\/integritetspolicy-disclaimer\/","name":"Integritetspolicy \/ Disclaimer - NexaSlim \u2734\ufe0f","isPartOf":{"@id":"https:\/\/www.nexaslim.eu\/#website"},"datePublished":"2024-03-04T12:30:44+00:00","dateModified":"2024-03-28T14:42:37+00:00","inLanguage":"sv-SE","potentialAction":[{"@type":"ReadAction","target":["https:\/\/www.nexaslim.eu\/sv\/integritetspolicy-disclaimer\/"]}]},{"@type":"WebSite","@id":"https:\/\/www.nexaslim.eu\/#website","url":"https:\/\/www.nexaslim.eu\/","name":"NexaSlim \u2734\ufe0f","description":"","publisher":{"@id":"https:\/\/www.nexaslim.eu\/#organization"},"alternateName":"NexaSlim","potentialAction":[{"@type":"SearchAction","target":{"@type":"EntryPoint","urlTemplate":"https:\/\/www.nexaslim.eu\/?s={search_term_string}"},"query-input":"required name=search_term_string"}],"inLanguage":"sv-SE"},{"@type":"Organization","@id":"https:\/\/www.nexaslim.eu\/#organization","name":"NexaSlim \u2734\ufe0f","alternateName":"NexaSlim","url":"https:\/\/www.nexaslim.eu\/","logo":{"@type":"ImageObject","inLanguage":"sv-SE","@id":"https:\/\/www.nexaslim.eu\/#\/schema\/logo\/image\/","url":"https:\/\/www.nexaslim.eu\/wp-content\/uploads\/2024\/03\/nexaslim-logo.png","contentUrl":"https:\/\/www.nexaslim.eu\/wp-content\/uploads\/2024\/03\/nexaslim-logo.png","width":2560,"height":1354,"caption":"NexaSlim \u2734\ufe0f"},"image":{"@id":"https:\/\/www.nexaslim.eu\/#\/schema\/logo\/image\/"}}]}},"_links":{"self":[{"href":"https:\/\/www.nexaslim.eu\/sv\/wp-json\/wp\/v2\/pages\/2530","targetHints":{"allow":["GET"]}}],"collection":[{"href":"https:\/\/www.nexaslim.eu\/sv\/wp-json\/wp\/v2\/pages"}],"about":[{"href":"https:\/\/www.nexaslim.eu\/sv\/wp-json\/wp\/v2\/types\/page"}],"author":[{"embeddable":true,"href":"https:\/\/www.nexaslim.eu\/sv\/wp-json\/wp\/v2\/users\/3"}],"replies":[{"embeddable":true,"href":"https:\/\/www.nexaslim.eu\/sv\/wp-json\/wp\/v2\/comments?post=2530"}],"version-history":[{"count":0,"href":"https:\/\/www.nexaslim.eu\/sv\/wp-json\/wp\/v2\/pages\/2530\/revisions"}],"wp:attachment":[{"href":"https:\/\/www.nexaslim.eu\/sv\/wp-json\/wp\/v2\/media?parent=2530"}],"curies":[{"name":"wp","href":"https:\/\/api.w.org\/{rel}","templated":true}]}}